{"id":7,"date":"2022-10-03T13:49:31","date_gmt":"2022-10-03T13:49:31","guid":{"rendered":"https:\/\/mdandreatorresfisiatria.com\/?page_id=7"},"modified":"2022-11-08T21:51:00","modified_gmt":"2022-11-08T21:51:00","slug":"home","status":"publish","type":"page","link":"https:\/\/mdandreatorresfisiatria.com\/?page_id=7","title":{"rendered":"Servicios"},"content":{"rendered":"<div class=\"oxi-addons-container   oxi-addons-flipbox-template-style2\">        <div class=\"oxilab-flip-box-wrapper\">\r\n                                <div class=\"oxilab-flip-box-col-1 oxilab-flip-box-padding-4\"\r\n                         sa-data-animation=\"\"\r\n                         sa-data-animation-offset=\"100%\"\r\n                         sa-data-animation-delay=\"0ms\"\r\n                         sa-data-animation-duration=\" 2000ms\"\r\n                         >\r\n                        <div class=\" oxilab-flip-box-body-4 oxilab-flip-box-body-4-9\">\r\n                                                        <div class=\"oxilab-flip-box-body-absulote\">\r\n                                <div class=\"oxilab-flip-box-flip oxilab-flip-box-flip-top-to-bottom\">\r\n                                    <div class=\"oxilab-flip-box-style-data easing_easeInOutCirc\">\r\n                                        <div class=\"oxilab-flip-box-style\">\r\n                                            <div class=\"oxilab-flip-box-front\">\r\n                                                <div class=\"oxilab-flip-box-4\">\r\n                                                    <div class=\"oxilab-flip-box-4-data\">\r\n                                                        <div class=\"oxilab-icon\">\r\n                                                            <div class=\"oxilab-icon-data\">\r\n                                                                        <i class=\"fas fa-user-md oxi-icons\"><\/i>\r\n                                                                    <\/div>\r\n                                                        <\/div>\r\n                                                        <div class=\"oxilab-heading\">\r\n                                                            Consulta Fisiatr\u00eda                                                        <\/div>\r\n                                                        <div class=\"oxilab-info\">\r\n                                                            Bienestar y Funcionalidad                                                        <\/div>\r\n                                                    <\/div>\r\n                                                <\/div>\r\n                                            <\/div>\r\n                                            <div class=\"oxilab-flip-box-back\">\r\n                                                <div class=\"oxilab-flip-box-back-4\">\r\n                                                    <div class=\"oxilab-flip-box-back-4-data\">\r\n                                                        <div class=\"oxilab-heading\">\r\n                                                                                                                    <\/div>\r\n                                                        <div class=\"oxilab-info\">\r\n                                                            Rehabilitaci\u00f3n en: Dolor Cr\u00f3nico - Cuidados paliativos - Lesiones Deportivas, Neurol\u00f3gicas, Cardiacas y Oncol\u00f3gicas - Ortesis y Pr\u00f3tesis - Desarrollo Infantil.                                                        <\/div>\r\n                                                                                                                    <a href=\"https:\/\/mdandreatorresfisiatria.com\/?page_id=10\" target=\"\">\r\n                                                                <span class=\"oxilab-button\">\r\n                                                                    <span class=\"oxilab-button-data\">\r\n                                                                        Agenda tu Cita                                                                    <\/span>\r\n                                                                <\/span>\r\n                                                            <\/a>\r\n                                                                                                                <\/div>\r\n                                                <\/div>\r\n                                            <\/div>\r\n                                        <\/div>\r\n                                    <\/div>\r\n                                <\/div>\r\n                            <\/div>\r\n                                                    <\/div>\r\n\r\n                                                \r\n                    <\/div>\r\n                                        <div class=\"oxilab-flip-box-col-1 oxilab-flip-box-padding-4\"\r\n                         sa-data-animation=\"\"\r\n                         sa-data-animation-offset=\"100%\"\r\n                         sa-data-animation-delay=\"0ms\"\r\n                         sa-data-animation-duration=\" 2000ms\"\r\n                         >\r\n                        <div class=\" oxilab-flip-box-body-4 oxilab-flip-box-body-4-10\">\r\n                                                        <div class=\"oxilab-flip-box-body-absulote\">\r\n                                <div class=\"oxilab-flip-box-flip oxilab-flip-box-flip-top-to-bottom\">\r\n                                    <div class=\"oxilab-flip-box-style-data easing_easeInOutCirc\">\r\n                                        <div class=\"oxilab-flip-box-style\">\r\n                                            <div class=\"oxilab-flip-box-front\">\r\n                                                <div class=\"oxilab-flip-box-4\">\r\n                                                    <div class=\"oxilab-flip-box-4-data\">\r\n                                                        <div class=\"oxilab-icon\">\r\n                                                            <div class=\"oxilab-icon-data\">\r\n                                                                        <i class=\"fas fa-bolt oxi-icons\"><\/i>\r\n                                                                    <\/div>\r\n                                                        <\/div>\r\n                                                        <div class=\"oxilab-heading\">\r\n                                                            Electrodiagn\u00f3stico                                                        <\/div>\r\n                                                        <div class=\"oxilab-info\">\r\n                                                            Apoyo Diagn\u00f3stico                                                        <\/div>\r\n                                                    <\/div>\r\n                                                <\/div>\r\n                                            <\/div>\r\n                                            <div class=\"oxilab-flip-box-back\">\r\n                                                <div class=\"oxilab-flip-box-back-4\">\r\n                                                    <div class=\"oxilab-flip-box-back-4-data\">\r\n                                                        <div class=\"oxilab-heading\">\r\n                                                                                                                    <\/div>\r\n                                                        <div class=\"oxilab-info\">\r\n                                                            Realizamos estudios de: Electromiograf\u00eda Convencional y Facial - Neuro-conducciones - Reflejo H - Ondas F - Reflejo Trig\u00e9mino Facial Blink Reflex.                                                        <\/div>\r\n                                                                                                                    <a href=\"https:\/\/mdandreatorresfisiatria.com\/?page_id=10\" target=\"\">\r\n                                                                <span class=\"oxilab-button\">\r\n                                                                    <span class=\"oxilab-button-data\">\r\n                                                                        Agenda tu Cita                                                                    <\/span>\r\n                                                                <\/span>\r\n                                                            <\/a>\r\n                                                                                                                <\/div>\r\n                                                <\/div>\r\n                                            <\/div>\r\n                                        <\/div>\r\n                                    <\/div>\r\n                                <\/div>\r\n                            <\/div>\r\n                                                    <\/div>\r\n\r\n                                                \r\n                    <\/div>\r\n                                        <div class=\"oxilab-flip-box-col-1 oxilab-flip-box-padding-4\"\r\n                         sa-data-animation=\"\"\r\n                         sa-data-animation-offset=\"100%\"\r\n                         sa-data-animation-delay=\"0ms\"\r\n                         sa-data-animation-duration=\" 2000ms\"\r\n                         >\r\n                        <div class=\" oxilab-flip-box-body-4 oxilab-flip-box-body-4-11\">\r\n                                                        <div class=\"oxilab-flip-box-body-absulote\">\r\n                                <div class=\"oxilab-flip-box-flip oxilab-flip-box-flip-top-to-bottom\">\r\n                                    <div class=\"oxilab-flip-box-style-data easing_easeInOutCirc\">\r\n                                        <div class=\"oxilab-flip-box-style\">\r\n                                            <div class=\"oxilab-flip-box-front\">\r\n                                                <div class=\"oxilab-flip-box-4\">\r\n                                                    <div class=\"oxilab-flip-box-4-data\">\r\n                                                        <div class=\"oxilab-icon\">\r\n                                                            <div class=\"oxilab-icon-data\">\r\n                                                                        <i class=\"fas fa-syringe oxi-icons\"><\/i>\r\n                                                                    <\/div>\r\n                                                        <\/div>\r\n                                                        <div class=\"oxilab-heading\">\r\n                                                            Procedimientos                                                        <\/div>\r\n                                                        <div class=\"oxilab-info\">\r\n                                                            Diagn\u00f3sticos & Terap\u00e9uticos                                                        <\/div>\r\n                                                    <\/div>\r\n                                                <\/div>\r\n                                            <\/div>\r\n                                            <div class=\"oxilab-flip-box-back\">\r\n                                                <div class=\"oxilab-flip-box-back-4\">\r\n                                                    <div class=\"oxilab-flip-box-back-4-data\">\r\n                                                        <div class=\"oxilab-heading\">\r\n                                                                                                                    <\/div>\r\n                                                        <div class=\"oxilab-info\">\r\n                                                            Realizamos procedimientos de: Evaluaciones Funcionales - Manejo de Puntos Miofasciales - Punci\u00f3n de Agua Seca - Infiltraciones y Bloqueos.                                                        <\/div>\r\n                                                                                                                    <a href=\"https:\/\/mdandreatorresfisiatria.com\/?page_id=10\" target=\"\">\r\n                                                                <span class=\"oxilab-button\">\r\n                                                                    <span class=\"oxilab-button-data\">\r\n                                                                        Agenda tu Cita                                                                    <\/span>\r\n                                                                <\/span>\r\n                                                            <\/a>\r\n                                                                                                                <\/div>\r\n                                                <\/div>\r\n                                            <\/div>\r\n                                        <\/div>\r\n                                    <\/div>\r\n                                <\/div>\r\n                            <\/div>\r\n                                                    <\/div>\r\n\r\n                                                \r\n                    <\/div>\r\n                                        <div class=\"oxilab-flip-box-col-1 oxilab-flip-box-padding-4\"\r\n                         sa-data-animation=\"\"\r\n                         sa-data-animation-offset=\"100%\"\r\n                         sa-data-animation-delay=\"0ms\"\r\n                         sa-data-animation-duration=\" 2000ms\"\r\n                         >\r\n                        <div class=\" oxilab-flip-box-body-4 oxilab-flip-box-body-4-12\">\r\n                                                        <div class=\"oxilab-flip-box-body-absulote\">\r\n                                <div class=\"oxilab-flip-box-flip oxilab-flip-box-flip-top-to-bottom\">\r\n                                    <div class=\"oxilab-flip-box-style-data easing_easeInOutCirc\">\r\n                                        <div class=\"oxilab-flip-box-style\">\r\n                                            <div class=\"oxilab-flip-box-front\">\r\n                                                <div class=\"oxilab-flip-box-4\">\r\n                                                    <div class=\"oxilab-flip-box-4-data\">\r\n                                                        <div class=\"oxilab-icon\">\r\n                                                            <div class=\"oxilab-icon-data\">\r\n                                                                        <i class=\"fab fa-medrt oxi-icons\"><\/i>\r\n                                                                    <\/div>\r\n                                                        <\/div>\r\n                                                        <div class=\"oxilab-heading\">\r\n                                                            Manejo del Dolor                                                        <\/div>\r\n                                                        <div class=\"oxilab-info\">\r\n                                                            Enfoque Integral                                                        <\/div>\r\n                                                    <\/div>\r\n                                                <\/div>\r\n                                            <\/div>\r\n                                            <div class=\"oxilab-flip-box-back\">\r\n                                                <div class=\"oxilab-flip-box-back-4\">\r\n                                                    <div class=\"oxilab-flip-box-back-4-data\">\r\n                                                        <div class=\"oxilab-heading\">\r\n                                                                                                                    <\/div>\r\n                                                        <div class=\"oxilab-info\">\r\n                                                            Dolor: Lumbar - Cervical - Osteoartrosis - Fibromialgia - S\u00edndrome Miofascial - S\u00edndrome del T\u00fanel del Carpo - Tendinitis de hombro y mu\u00f1eca - Epicondilitis.                                                        <\/div>\r\n                                                                                                                    <a href=\"https:\/\/mdandreatorresfisiatria.com\/?page_id=10\" target=\"\">\r\n                                                                <span class=\"oxilab-button\">\r\n                                                                    <span class=\"oxilab-button-data\">\r\n                                                                        Agenda tu Cita                                                                    <\/span>\r\n                                                                <\/span>\r\n                                                            <\/a>\r\n                                                                                                                <\/div>\r\n                                                <\/div>\r\n                                            <\/div>\r\n                                        <\/div>\r\n                                    <\/div>\r\n                                <\/div>\r\n                            <\/div>\r\n                                                    <\/div>\r\n\r\n                                                \r\n                    <\/div>\r\n                    \r\n        <\/div>\r\n        <\/div>\n\n\n\n<div style=\"height:60px\" aria-hidden=\"true\" class=\"wp-block-spacer\"><\/div>\n","protected":false},"excerpt":{"rendered":"","protected":false},"author":1,"featured_media":103,"parent":0,"menu_order":0,"comment_status":"closed","ping_status":"closed","template":"elementor_header_footer","meta":{"_monsterinsights_skip_tracking":false,"_monsterinsights_sitenote_active":false,"_monsterinsights_sitenote_note":"","_monsterinsights_sitenote_category":0},"aioseo_notices":[],"_links":{"self":[{"href":"https:\/\/mdandreatorresfisiatria.com\/index.php?rest_route=\/wp\/v2\/pages\/7"}],"collection":[{"href":"https:\/\/mdandreatorresfisiatria.com\/index.php?rest_route=\/wp\/v2\/pages"}],"about":[{"href":"https:\/\/mdandreatorresfisiatria.com\/index.php?rest_route=\/wp\/v2\/types\/page"}],"author":[{"embeddable":true,"href":"https:\/\/mdandreatorresfisiatria.com\/index.php?rest_route=\/wp\/v2\/users\/1"}],"replies":[{"embeddable":true,"href":"https:\/\/mdandreatorresfisiatria.com\/index.php?rest_route=%2Fwp%2Fv2%2Fcomments&post=7"}],"version-history":[{"count":32,"href":"https:\/\/mdandreatorresfisiatria.com\/index.php?rest_route=\/wp\/v2\/pages\/7\/revisions"}],"predecessor-version":[{"id":188,"href":"https:\/\/mdandreatorresfisiatria.com\/index.php?rest_route=\/wp\/v2\/pages\/7\/revisions\/188"}],"wp:featuredmedia":[{"embeddable":true,"href":"https:\/\/mdandreatorresfisiatria.com\/index.php?rest_route=\/wp\/v2\/media\/103"}],"wp:attachment":[{"href":"https:\/\/mdandreatorresfisiatria.com\/index.php?rest_route=%2Fwp%2Fv2%2Fmedia&parent=7"}],"curies":[{"name":"wp","href":"https:\/\/api.w.org\/{rel}","templated":true}]}}